{"id":244199,"date":"2025-07-17T11:16:49","date_gmt":"2025-07-17T09:16:49","guid":{"rendered":"https:\/\/discoverbrombal.com\/whistleblowing\/"},"modified":"2025-08-01T14:13:19","modified_gmt":"2025-08-01T12:13:19","slug":"whistleblowing","status":"publish","type":"page","link":"https:\/\/discoverbrombal.com\/it\/whistleblowing\/","title":{"rendered":"Whistleblowing"},"content":{"rendered":"<p>[et_pb_section fb_built=&#8221;1&#8243; _builder_version=&#8221;4.27.4&#8243; _module_preset=&#8221;default&#8221; global_colors_info=&#8221;{}&#8221;][et_pb_row _builder_version=&#8221;4.27.4&#8243; _module_preset=&#8221;default&#8221; global_colors_info=&#8221;{}&#8221;][et_pb_column type=&#8221;4_4&#8243; _builder_version=&#8221;4.27.4&#8243; _module_preset=&#8221;default&#8221; global_colors_info=&#8221;{}&#8221;][et_pb_text _builder_version=&#8221;4.27.4&#8243; _module_preset=&#8221;default&#8221; global_colors_info=&#8221;{}&#8221;]<\/p>\n<h1>Whistleblowing<\/h1>\n<p>&nbsp;<\/p>\n<p>[\/et_pb_text][et_pb_text _builder_version=&#8221;4.27.4&#8243; _module_preset=&#8221;default&#8221; hover_enabled=&#8221;0&#8243; global_colors_info=&#8221;{}&#8221; sticky_enabled=&#8221;0&#8243;]<\/p>\n<p>In applicazione di quanto sancito dal D. Lgs. 24\/2023 in materia di WHISTLEBLOWING, Serramenti Brombal S.r.l. ha attivato, un portale per le segnalazioni di comportamenti o eventi che possono configurarsi come violazioni di leggi o regolamenti (nazionali o dell\u2019Unione Europea). La societ\u00e0 \u00e8 quindi dotata di un proprio canale di segnalazione. Al momento dell\u2019accesso al portale, il segnalante pu\u00f2 scegliere di fare la segnalazione sul canale di Serramenti Brombal S.r.l.<\/p>\n<p>Il Portale consente al segnalante di scegliere se fornire o meno la propria identit\u00e0; l\u2019accesso al Portale viene gestito al fine di impedire l\u2019identificazione del segnalante che intenda rimanere anonimo. Dopo l\u2019accesso il segnalante sar\u00e0 guidato nella compilazione di un questionario che permetter\u00e0 di fornire gli elementi caratterizzanti la segnalazione (fatti, contesto etc.).<\/p>\n<p>Nel momento dell\u2019invio della segnalazione il Portale rilascer\u00e0 al segnalante un codice identificativo univoco (ticket). Questo numero, conosciuto solamente dal segnalante, non potr\u00e0 essere recuperato in alcun modo in caso di smarrimento. Il ticket servir\u00e0 al segnalante per accedere, sempre attraverso il Portale, alla propria segnalazione al fine di: monitorarne lo stato di avanzamento; inserire ulteriori elementi per circostanziare la segnalazione; integrare le proprie generalit\u00e0; sottoporre o rispondere ad eventuali domande di approfondimento o chiedere un incontro di persona.<\/p>\n<p>Il Portale permette, infatti, di instaurare un colloquio virtuale tra segnalante e ricevente garantendo la necessaria riservatezza e, a discrezione del Segnalante, l\u2019anonimato.<\/p>\n<p>Per maggiori informazioni sui segnalanti e le tutele loro riservate, nonch\u00e9 sull\u2019oggetto delle segnalazioni, si consiglia di leggere le procedure <a href=\"\/wp-content\/uploads\/2025\/07\/PROCEDURA-WB_Serramenti-Brombal.pdf\" target=\"_blank\" rel=\"noopener\"><span style=\"text-decoration: underline;\">pubblicate qui.<\/span><\/a><\/p>\n<p><strong>Per inviare una segnalazione, accedere al sito di Serramenti Brombal S.r.l. e scegliere il canale di Serramenti Brombal S.r.l. cliccando qui: <span style=\"text-decoration: underline;\"><a href=\"https:\/\/brombalgroup.wb.scuadra.online\/#\/\" target=\"_blank\" rel=\"noopener\">https:\/\/brombal.wb.scuadra.online\/#\/<\/a><\/span><\/strong><\/p>\n<p><strong>L\u2019informativa privacy, presente nei due rispettivi canali, relativa al Whistleblowing, \u00e8 disponibile anche qui: <a href=\"\/wp-content\/uploads\/2025\/08\/Informativa_privacy_sito_Serramenti_Brombal.pdf\" target=\"_blank\" rel=\"noopener\"><span style=\"text-decoration: underline;\">Informativa privacy<\/span><\/a><\/strong><\/p>\n<p>[\/et_pb_text][\/et_pb_column][\/et_pb_row][\/et_pb_section]<\/p>\n","protected":false},"excerpt":{"rendered":"<p>Whistleblowing &nbsp;In applicazione di quanto sancito dal D. Lgs. 24\/2023 in materia di WHISTLEBLOWING, Serramenti Brombal S.r.l. ha attivato, un portale per le segnalazioni di comportamenti o eventi che possono configurarsi come violazioni di leggi o regolamenti (nazionali o dell\u2019Unione Europea). La societ\u00e0 \u00e8 quindi dotata di un proprio canale di segnalazione. Al momento dell\u2019accesso [&hellip;]<\/p>\n","protected":false},"author":1,"featured_media":0,"parent":0,"menu_order":0,"comment_status":"closed","ping_status":"closed","template":"","meta":{"_acf_changed":false,"_et_pb_use_builder":"on","_et_pb_old_content":"","_et_gb_content_width":"","inline_featured_image":false,"footnotes":""},"class_list":["post-244199","page","type-page","status-publish","hentry"],"acf":[],"yoast_head":"<!-- This site is optimized with the Yoast SEO plugin v27.2 - https:\/\/yoast.com\/product\/yoast-seo-wordpress\/ -->\n<title>Whistleblowing - Discover Brombal<\/title>\n<meta name=\"robots\" content=\"index, follow, max-snippet:-1, max-image-preview:large, max-video-preview:-1\" \/>\n<link rel=\"canonical\" href=\"https:\/\/discoverbrombal.com\/it\/whistleblowing\/\" \/>\n<meta property=\"og:locale\" content=\"it_IT\" \/>\n<meta property=\"og:type\" content=\"article\" \/>\n<meta property=\"og:title\" content=\"Whistleblowing - Discover Brombal\" \/>\n<meta property=\"og:description\" content=\"Whistleblowing &nbsp;In applicazione di quanto sancito dal D. Lgs. 24\/2023 in materia di WHISTLEBLOWING, Serramenti Brombal S.r.l. ha attivato, un portale per le segnalazioni di comportamenti o eventi che possono configurarsi come violazioni di leggi o regolamenti (nazionali o dell\u2019Unione Europea). La societ\u00e0 \u00e8 quindi dotata di un proprio canale di segnalazione. Al momento dell\u2019accesso [&hellip;]\" \/>\n<meta property=\"og:url\" content=\"https:\/\/discoverbrombal.com\/it\/whistleblowing\/\" \/>\n<meta property=\"og:site_name\" content=\"Discover Brombal\" \/>\n<meta property=\"article:publisher\" content=\"https:\/\/www.facebook.com\/BROMBAL\/?locale=it_IT&amp;_rdr\" \/>\n<meta property=\"article:modified_time\" content=\"2025-08-01T12:13:19+00:00\" \/>\n<meta name=\"twitter:card\" content=\"summary_large_image\" \/>\n<script type=\"application\/ld+json\" class=\"yoast-schema-graph\">{\"@context\":\"https:\/\/schema.org\",\"@graph\":[{\"@type\":\"WebPage\",\"@id\":\"https:\/\/discoverbrombal.com\/it\/whistleblowing\/\",\"url\":\"https:\/\/discoverbrombal.com\/it\/whistleblowing\/\",\"name\":\"Whistleblowing - Discover Brombal\",\"isPartOf\":{\"@id\":\"https:\/\/discoverbrombal.com\/#website\"},\"datePublished\":\"2025-07-17T09:16:49+00:00\",\"dateModified\":\"2025-08-01T12:13:19+00:00\",\"breadcrumb\":{\"@id\":\"https:\/\/discoverbrombal.com\/it\/whistleblowing\/#breadcrumb\"},\"inLanguage\":\"it-IT\",\"potentialAction\":[{\"@type\":\"ReadAction\",\"target\":[\"https:\/\/discoverbrombal.com\/it\/whistleblowing\/\"]}]},{\"@type\":\"BreadcrumbList\",\"@id\":\"https:\/\/discoverbrombal.com\/it\/whistleblowing\/#breadcrumb\",\"itemListElement\":[{\"@type\":\"ListItem\",\"position\":1,\"name\":\"Home\",\"item\":\"https:\/\/discoverbrombal.com\/it\/\"},{\"@type\":\"ListItem\",\"position\":2,\"name\":\"Whistleblowing\"}]},{\"@type\":\"WebSite\",\"@id\":\"https:\/\/discoverbrombal.com\/#website\",\"url\":\"https:\/\/discoverbrombal.com\/\",\"name\":\"Discover Brombal\",\"description\":\"Luxury Metal Windows and Doors\",\"publisher\":{\"@id\":\"https:\/\/discoverbrombal.com\/#organization\"},\"potentialAction\":[{\"@type\":\"SearchAction\",\"target\":{\"@type\":\"EntryPoint\",\"urlTemplate\":\"https:\/\/discoverbrombal.com\/?s={search_term_string}\"},\"query-input\":{\"@type\":\"PropertyValueSpecification\",\"valueRequired\":true,\"valueName\":\"search_term_string\"}}],\"inLanguage\":\"it-IT\"},{\"@type\":\"Organization\",\"@id\":\"https:\/\/discoverbrombal.com\/#organization\",\"name\":\"Serramenti Brombal S.r.l.\",\"url\":\"https:\/\/discoverbrombal.com\/\",\"logo\":{\"@type\":\"ImageObject\",\"inLanguage\":\"it-IT\",\"@id\":\"https:\/\/discoverbrombal.com\/#\/schema\/logo\/image\/\",\"url\":\"https:\/\/discoverbrombal.com\/wp-content\/uploads\/2022\/07\/Logo-black.png\",\"contentUrl\":\"https:\/\/discoverbrombal.com\/wp-content\/uploads\/2022\/07\/Logo-black.png\",\"width\":687,\"height\":65,\"caption\":\"Serramenti Brombal S.r.l.\"},\"image\":{\"@id\":\"https:\/\/discoverbrombal.com\/#\/schema\/logo\/image\/\"},\"sameAs\":[\"https:\/\/www.facebook.com\/BROMBAL\/?locale=it_IT&_rdr\",\"https:\/\/www.instagram.com\/discoverbrombal\/?hl=it\"]}]}<\/script>\n<!-- \/ Yoast SEO plugin. -->","yoast_head_json":{"title":"Whistleblowing - Discover Brombal","robots":{"index":"index","follow":"follow","max-snippet":"max-snippet:-1","max-image-preview":"max-image-preview:large","max-video-preview":"max-video-preview:-1"},"canonical":"https:\/\/discoverbrombal.com\/it\/whistleblowing\/","og_locale":"it_IT","og_type":"article","og_title":"Whistleblowing - Discover Brombal","og_description":"Whistleblowing &nbsp;In applicazione di quanto sancito dal D. Lgs. 24\/2023 in materia di WHISTLEBLOWING, Serramenti Brombal S.r.l. ha attivato, un portale per le segnalazioni di comportamenti o eventi che possono configurarsi come violazioni di leggi o regolamenti (nazionali o dell\u2019Unione Europea). La societ\u00e0 \u00e8 quindi dotata di un proprio canale di segnalazione. Al momento dell\u2019accesso [&hellip;]","og_url":"https:\/\/discoverbrombal.com\/it\/whistleblowing\/","og_site_name":"Discover Brombal","article_publisher":"https:\/\/www.facebook.com\/BROMBAL\/?locale=it_IT&_rdr","article_modified_time":"2025-08-01T12:13:19+00:00","twitter_card":"summary_large_image","schema":{"@context":"https:\/\/schema.org","@graph":[{"@type":"WebPage","@id":"https:\/\/discoverbrombal.com\/it\/whistleblowing\/","url":"https:\/\/discoverbrombal.com\/it\/whistleblowing\/","name":"Whistleblowing - Discover Brombal","isPartOf":{"@id":"https:\/\/discoverbrombal.com\/#website"},"datePublished":"2025-07-17T09:16:49+00:00","dateModified":"2025-08-01T12:13:19+00:00","breadcrumb":{"@id":"https:\/\/discoverbrombal.com\/it\/whistleblowing\/#breadcrumb"},"inLanguage":"it-IT","potentialAction":[{"@type":"ReadAction","target":["https:\/\/discoverbrombal.com\/it\/whistleblowing\/"]}]},{"@type":"BreadcrumbList","@id":"https:\/\/discoverbrombal.com\/it\/whistleblowing\/#breadcrumb","itemListElement":[{"@type":"ListItem","position":1,"name":"Home","item":"https:\/\/discoverbrombal.com\/it\/"},{"@type":"ListItem","position":2,"name":"Whistleblowing"}]},{"@type":"WebSite","@id":"https:\/\/discoverbrombal.com\/#website","url":"https:\/\/discoverbrombal.com\/","name":"Discover Brombal","description":"Luxury Metal Windows and Doors","publisher":{"@id":"https:\/\/discoverbrombal.com\/#organization"},"potentialAction":[{"@type":"SearchAction","target":{"@type":"EntryPoint","urlTemplate":"https:\/\/discoverbrombal.com\/?s={search_term_string}"},"query-input":{"@type":"PropertyValueSpecification","valueRequired":true,"valueName":"search_term_string"}}],"inLanguage":"it-IT"},{"@type":"Organization","@id":"https:\/\/discoverbrombal.com\/#organization","name":"Serramenti Brombal S.r.l.","url":"https:\/\/discoverbrombal.com\/","logo":{"@type":"ImageObject","inLanguage":"it-IT","@id":"https:\/\/discoverbrombal.com\/#\/schema\/logo\/image\/","url":"https:\/\/discoverbrombal.com\/wp-content\/uploads\/2022\/07\/Logo-black.png","contentUrl":"https:\/\/discoverbrombal.com\/wp-content\/uploads\/2022\/07\/Logo-black.png","width":687,"height":65,"caption":"Serramenti Brombal S.r.l."},"image":{"@id":"https:\/\/discoverbrombal.com\/#\/schema\/logo\/image\/"},"sameAs":["https:\/\/www.facebook.com\/BROMBAL\/?locale=it_IT&_rdr","https:\/\/www.instagram.com\/discoverbrombal\/?hl=it"]}]}},"_links":{"self":[{"href":"https:\/\/discoverbrombal.com\/it\/wp-json\/wp\/v2\/pages\/244199","targetHints":{"allow":["GET"]}}],"collection":[{"href":"https:\/\/discoverbrombal.com\/it\/wp-json\/wp\/v2\/pages"}],"about":[{"href":"https:\/\/discoverbrombal.com\/it\/wp-json\/wp\/v2\/types\/page"}],"author":[{"embeddable":true,"href":"https:\/\/discoverbrombal.com\/it\/wp-json\/wp\/v2\/users\/1"}],"replies":[{"embeddable":true,"href":"https:\/\/discoverbrombal.com\/it\/wp-json\/wp\/v2\/comments?post=244199"}],"version-history":[{"count":5,"href":"https:\/\/discoverbrombal.com\/it\/wp-json\/wp\/v2\/pages\/244199\/revisions"}],"predecessor-version":[{"id":244218,"href":"https:\/\/discoverbrombal.com\/it\/wp-json\/wp\/v2\/pages\/244199\/revisions\/244218"}],"wp:attachment":[{"href":"https:\/\/discoverbrombal.com\/it\/wp-json\/wp\/v2\/media?parent=244199"}],"curies":[{"name":"wp","href":"https:\/\/api.w.org\/{rel}","templated":true}]}}