{"id":236405,"date":"2022-09-02T15:00:34","date_gmt":"2022-09-02T13:00:34","guid":{"rendered":"https:\/\/new.discoverbrombal.com\/brombal-for-social-initiatives\/"},"modified":"2023-04-06T09:47:34","modified_gmt":"2023-04-06T07:47:34","slug":"brombal-per-il-sociale","status":"publish","type":"page","link":"https:\/\/discoverbrombal.com\/it\/brombal-per-il-sociale\/","title":{"rendered":"Brombal per il Sociale"},"content":{"rendered":"<p>[et_pb_section fb_built=&#8221;1&#8243; _builder_version=&#8221;4.17.1&#8243; _module_preset=&#8221;default&#8221; use_background_color_gradient=&#8221;on&#8221; background_color_gradient_stops=&#8221;rgba(255,255,255,0) 60%|#ffffff 60%&#8221; background_color_gradient_overlays_image=&#8221;on&#8221; background_image=&#8221;https:\/\/discoverbrombal.com\/wp-content\/uploads\/2022\/09\/immagini-25-5.webp&#8221; custom_padding=&#8221;40vh||0px||false|false&#8221; global_colors_info=&#8221;{}&#8221;][et_pb_row column_structure=&#8221;1_2,1_2&#8243; use_custom_gutter=&#8221;on&#8221; gutter_width=&#8221;2&#8243; _builder_version=&#8221;4.17.1&#8243; _module_preset=&#8221;default&#8221; width=&#8221;100%&#8221; max_width=&#8221;80%&#8221; custom_padding=&#8221;||0px||false|false&#8221; global_colors_info=&#8221;{}&#8221;][et_pb_column type=&#8221;1_2&#8243; _builder_version=&#8221;4.17.1&#8243; _module_preset=&#8221;default&#8221; global_colors_info=&#8221;{}&#8221;][\/et_pb_column][et_pb_column type=&#8221;1_2&#8243; _builder_version=&#8221;4.17.1&#8243; _module_preset=&#8221;default&#8221; background_color=&#8221;#000000&#8243; custom_padding=&#8221;10%|7%|8%|7%|false|true&#8221; animation_style=&#8221;fade&#8221; animation_duration=&#8221;800ms&#8221; animation_delay=&#8221;1000ms&#8221; animation_speed_curve=&#8221;linear&#8221; global_colors_info=&#8221;{}&#8221;][et_pb_text _builder_version=&#8221;4.17.1&#8243; _module_preset=&#8221;default&#8221; header_font=&#8221;Lane Narrow||||||||&#8221; header_text_color=&#8221;#FFFFFF&#8221; header_font_size=&#8221;50px&#8221; header_3_font=&#8221;Lane Narrow|500||on|||||&#8221; header_3_text_color=&#8221;#FFFFFF&#8221; header_font_size_tablet=&#8221;50px&#8221; header_font_size_phone=&#8221;30px&#8221; header_font_size_last_edited=&#8221;on|desktop&#8221; global_colors_info=&#8221;{}&#8221;]<\/p>\n<h1>BROMBAL PER IL SOCIALE<\/h1>\n<p>[\/et_pb_text][et_pb_text _builder_version=&#8221;4.17.1&#8243; _module_preset=&#8221;default&#8221; text_text_color=&#8221;#FFFFFF&#8221; global_colors_info=&#8221;{}&#8221;]<\/p>\n<p>Integriamoci attraverso l&#8217;incontro con gli altri: la cultura, lo sport, il nostro territorio e la disabilit\u00e0. Siamo promotori di progetti umanitari.<\/p>\n<p>L\u2019attivit\u00e0 di finanziamento di progetti umanitari e di interesse comune \u00e8 una responsabilit\u00e0 che ci prendiamo al di fuori della nostra consueta attivit\u00e0 imprenditoriale.<\/p>\n<p>[\/et_pb_text][\/et_pb_column][\/et_pb_row][\/et_pb_section][et_pb_section fb_built=&#8221;1&#8243; specialty=&#8221;on&#8221; padding_bottom_1=&#8221;0px&#8221; padding_bottom_2=&#8221;0px&#8221; padding_top_bottom_link_1=&#8221;false&#8221; padding_top_bottom_link_2=&#8221;false&#8221; padding_left_right_link_1=&#8221;false&#8221; padding_left_right_link_2=&#8221;false&#8221; _builder_version=&#8221;4.17.1&#8243; _module_preset=&#8221;default&#8221; width=&#8221;100%&#8221; max_width=&#8221;100%&#8221; inner_width=&#8221;100%&#8221; inner_max_width=&#8221;80%&#8221; custom_padding=&#8221;||0px||false|false&#8221; global_colors_info=&#8221;{}&#8221;][et_pb_column type=&#8221;1_2&#8243; _builder_version=&#8221;4.16&#8243; custom_padding=&#8221;|||&#8221; global_colors_info=&#8221;{}&#8221; custom_padding__hover=&#8221;|||&#8221;][et_pb_gallery gallery_ids=&#8221;233973,233975,233981,233983&#8243; fullwidth=&#8221;on&#8221; _builder_version=&#8221;4.17.1&#8243; _module_preset=&#8221;default&#8221; scroll_vertical_motion_enable=&#8221;on&#8221; scroll_vertical_motion=&#8221;0|50|50|100|-4|0|0&#8243; scroll_vertical_motion_tablet=&#8221;0|50|50|100|0|0|0&#8243; scroll_vertical_motion_phone=&#8221;0|50|50|100|0|0|0&#8243; scroll_vertical_motion_last_edited=&#8221;on|phone&#8221; global_colors_info=&#8221;{}&#8221;][\/et_pb_gallery][\/et_pb_column][et_pb_column type=&#8221;1_2&#8243; specialty_columns=&#8221;2&#8243; _builder_version=&#8221;4.16&#8243; custom_padding=&#8221;|||&#8221; global_colors_info=&#8221;{}&#8221; custom_padding__hover=&#8221;|||&#8221;][et_pb_row_inner _builder_version=&#8221;4.17.1&#8243; _module_preset=&#8221;default&#8221; width=&#8221;100%&#8221; max_width=&#8221;100%&#8221; custom_padding=&#8221;0px|10%|0px|10%|true|true&#8221; global_colors_info=&#8221;{}&#8221;][et_pb_column_inner saved_specialty_column_type=&#8221;1_2&#8243; _builder_version=&#8221;4.17.1&#8243; _module_preset=&#8221;default&#8221; global_colors_info=&#8221;{}&#8221;][et_pb_text _builder_version=&#8221;4.17.1&#8243; _module_preset=&#8221;default&#8221; text_text_color=&#8221;#000000&#8243; global_colors_info=&#8221;{}&#8221;]<\/p>\n<p>Consci della crescente percezione che la diversit\u00e0 costituisce un vero e proprio valore aggiunto capace di apportare un arricchimento, diventiamo promotori di un\u2019organizzazione concreta a sostegno della disabilit\u00e0 attraverso la cultura dello Sport integrato.<\/p>\n<p>La commistione di atleti disabili e persone normodotati realizza un sogno chiamato \u201c6insuperabile\u201d dove Brombal, da vero Ambasciatore del Sociale, segna la direzione al sostegno concreto seguito da molte altre realt\u00e0 imprenditoriali<br \/>andando oltre al miglioramento della propria reputazione e all\u2019arricchimento delle strategie aziendali grazie ad una speciale lungimiranza e sensibilit\u00e0.<\/p>\n<p>[\/et_pb_text][\/et_pb_column_inner][\/et_pb_row_inner][\/et_pb_column][\/et_pb_section][et_pb_section fb_built=&#8221;1&#8243; _builder_version=&#8221;4.17.1&#8243; _module_preset=&#8221;default&#8221; use_background_color_gradient=&#8221;on&#8221; background_color_gradient_direction=&#8221;90deg&#8221; background_color_gradient_stops=&#8221;#000000 70%|rgba(255,255,255,0) 70%&#8221; custom_margin=&#8221;3%||||false|false&#8221; custom_padding=&#8221;5%||0px||false|false&#8221; background_last_edited=&#8221;on|desktop&#8221; use_background_color_gradient_tablet=&#8221;on&#8221; background_color_gradient_stops_tablet=&#8221;#000000 90%|rgba(255,255,255,0) 90%&#8221; locked=&#8221;off&#8221; global_colors_info=&#8221;{}&#8221;][et_pb_row column_structure=&#8221;1_4,3_4&#8243; _builder_version=&#8221;4.17.1&#8243; _module_preset=&#8221;default&#8221; width=&#8221;100%&#8221; max_width=&#8221;65%&#8221; global_colors_info=&#8221;{}&#8221;][et_pb_column type=&#8221;1_4&#8243; _builder_version=&#8221;4.17.1&#8243; _module_preset=&#8221;default&#8221; global_colors_info=&#8221;{}&#8221;][et_pb_text _builder_version=&#8221;4.17.1&#8243; _module_preset=&#8221;default&#8221; header_3_font=&#8221;Lane Narrow|300|||||||&#8221; header_3_text_color=&#8221;#FFFFFF&#8221; header_3_font_size=&#8221;40px&#8221; header_3_line_height=&#8221;1.2em&#8221; custom_margin=&#8221;||14px|||&#8221; header_3_font_size_tablet=&#8221;40px&#8221; header_3_font_size_phone=&#8221;30px&#8221; header_3_font_size_last_edited=&#8221;on|phone&#8221; global_colors_info=&#8221;{}&#8221;]<\/p>\n<h3>LO SPORT \u00c8 UNIVERSALE COME I SUOI VALORI<\/h3>\n<p>[\/et_pb_text][\/et_pb_column][et_pb_column type=&#8221;3_4&#8243; _builder_version=&#8221;4.17.1&#8243; _module_preset=&#8221;default&#8221; global_colors_info=&#8221;{}&#8221;][et_pb_image src=&#8221;https:\/\/discoverbrombal.com\/wp-content\/uploads\/2022\/09\/015A7197.jpeg&#8221; title_text=&#8221;015A7197&#8243; module_class=&#8221;image-scroll&#8221; _builder_version=&#8221;4.17.1&#8243; _module_preset=&#8221;default&#8221; transform_scale=&#8221;120%|120%&#8221; transform_scale_tablet=&#8221;150%|150%&#8221; transform_scale_phone=&#8221;180%|180%&#8221; transform_scale_last_edited=&#8221;on|tablet&#8221; transform_translate=&#8221;9%|9%&#8221; transform_translate_tablet=&#8221;9%|50%&#8221; transform_translate_phone=&#8221;9%|30%&#8221; transform_translate_last_edited=&#8221;on|phone&#8221; transform_translate_linked_tablet=&#8221;off&#8221; transform_rotate_tablet=&#8221;&#8221; transform_rotate_phone=&#8221;&#8221; transform_rotate_last_edited=&#8221;on|desktop&#8221; transform_skew_tablet=&#8221;&#8221; transform_skew_phone=&#8221;&#8221; transform_skew_last_edited=&#8221;on|desktop&#8221; transform_origin_tablet=&#8221;&#8221; transform_origin_phone=&#8221;&#8221; transform_origin_last_edited=&#8221;on|desktop&#8221; transform_styles_last_edited=&#8221;on|phone&#8221; scroll_horizontal_motion_enable=&#8221;on&#8221; scroll_horizontal_motion=&#8221;0|50|50|100|4.5|2|1&#8243; scroll_blur_enable=&#8221;on&#8221; scroll_blur=&#8221;0|40|60|100|70px|0px|0px&#8221; transform_styles_tablet=&#8221;&#8221; transform_styles_phone=&#8221;&#8221; scroll_horizontal_motion_tablet=&#8221;0|50|50|100|4.5|2|1&#8243; scroll_horizontal_motion_phone=&#8221;0|50|50|100|0|0|0&#8243; scroll_horizontal_motion_last_edited=&#8221;on|phone&#8221; global_colors_info=&#8221;{}&#8221;][\/et_pb_image][\/et_pb_column][\/et_pb_row][\/et_pb_section][et_pb_section fb_built=&#8221;1&#8243; _builder_version=&#8221;4.17.1&#8243; _module_preset=&#8221;default&#8221; global_colors_info=&#8221;{}&#8221;][et_pb_row column_structure=&#8221;1_2,1_2&#8243; custom_padding_last_edited=&#8221;on|phone&#8221; _builder_version=&#8221;4.17.1&#8243; _module_preset=&#8221;default&#8221; width=&#8221;100%&#8221; max_width=&#8221;65%&#8221; custom_margin=&#8221;3%||||false|false&#8221; custom_padding_tablet=&#8221;&#8221; custom_padding_phone=&#8221;20%||||false|false&#8221; global_colors_info=&#8221;{}&#8221;][et_pb_column type=&#8221;1_2&#8243; _builder_version=&#8221;4.17.1&#8243; _module_preset=&#8221;default&#8221; global_colors_info=&#8221;{}&#8221;][et_pb_gallery gallery_ids=&#8221;233991,233989,233987,233985&#8243; fullwidth=&#8221;on&#8221; _builder_version=&#8221;4.17.1&#8243; _module_preset=&#8221;default&#8221; scroll_vertical_motion=&#8221;0|50|50|100|-4|0|0&#8243; global_colors_info=&#8221;{}&#8221;][\/et_pb_gallery][\/et_pb_column][et_pb_column type=&#8221;1_2&#8243; _builder_version=&#8221;4.17.1&#8243; _module_preset=&#8221;default&#8221; global_colors_info=&#8221;{}&#8221;][et_pb_text _builder_version=&#8221;4.17.1&#8243; _module_preset=&#8221;default&#8221; text_text_color=&#8221;#000000&#8243; global_colors_info=&#8221;{}&#8221;]<\/p>\n<p>Il suo sostegno e supporto per Brombal diventa strumento per lo sviluppo globale della persona ed utile per la costruzione di una societ\u00e0 pi\u00f9 a misura d\u2019uomo.<\/p>\n<p>Cambia il mondo, suscita emozioni, unisce le persone: lo Sport ha il potere di generare ad ogni competizione una speranza e svolge un\u2019importante ruolo sociale, educativo, culturale e ricreativo.<br \/>Per tutto questo Brombal \u00e8 Official Sponsor dello Sporting Altamarca calcio a 5 serie A2.<\/p>\n<p>[\/et_pb_text][\/et_pb_column][\/et_pb_row][\/et_pb_section][et_pb_section fb_built=&#8221;1&#8243; _builder_version=&#8221;4.17.1&#8243; _module_preset=&#8221;default&#8221; use_background_color_gradient=&#8221;on&#8221; background_color_gradient_stops=&#8221;rgba(0,0,0,0.5) 0%|rgba(0,0,0,0.5) 100%&#8221; background_color_gradient_overlays_image=&#8221;on&#8221; background_image=&#8221;https:\/\/discoverbrombal.com\/wp-content\/uploads\/2022\/09\/carlo-scarpa-architetto-archiobjects.jpeg&#8221; parallax=&#8221;on&#8221; custom_padding=&#8221;10%||10%||true|false&#8221; locked=&#8221;off&#8221; global_colors_info=&#8221;{}&#8221;][et_pb_row _builder_version=&#8221;4.17.1&#8243; _module_preset=&#8221;default&#8221; width=&#8221;100%&#8221; max_width=&#8221;65%&#8221; global_colors_info=&#8221;{}&#8221;][et_pb_column type=&#8221;4_4&#8243; _builder_version=&#8221;4.17.1&#8243; _module_preset=&#8221;default&#8221; global_colors_info=&#8221;{}&#8221;][et_pb_text _builder_version=&#8221;4.17.1&#8243; _module_preset=&#8221;default&#8221; header_3_font=&#8221;Lane Narrow||||||||&#8221; header_3_text_align=&#8221;center&#8221; header_3_text_color=&#8221;#FFFFFF&#8221; header_3_font_size=&#8221;40px&#8221; header_3_line_height=&#8221;1.2em&#8221; custom_margin=&#8221;||14px|||&#8221; header_3_font_size_tablet=&#8221;35px&#8221; header_3_font_size_phone=&#8221;30px&#8221; header_3_font_size_last_edited=&#8221;on|phone&#8221; global_colors_info=&#8221;{}&#8221;]<\/p>\n<h3>CARLO SCARPA<\/h3>\n<p>[\/et_pb_text][\/et_pb_column][\/et_pb_row][\/et_pb_section][et_pb_section fb_built=&#8221;1&#8243; custom_padding_last_edited=&#8221;on|phone&#8221; _builder_version=&#8221;4.17.1&#8243; _module_preset=&#8221;default&#8221; custom_padding_tablet=&#8221;&#8221; custom_padding_phone=&#8221;0px||||false|false&#8221; global_colors_info=&#8221;{}&#8221;][et_pb_row column_structure=&#8221;1_2,1_2&#8243; _builder_version=&#8221;4.17.1&#8243; _module_preset=&#8221;default&#8221; width=&#8221;100%&#8221; max_width=&#8221;65%&#8221; custom_margin=&#8221;-0.1%|auto||auto|false|false&#8221; global_colors_info=&#8221;{}&#8221;][et_pb_column type=&#8221;1_2&#8243; _builder_version=&#8221;4.17.1&#8243; _module_preset=&#8221;default&#8221; global_colors_info=&#8221;{}&#8221;][et_pb_text _builder_version=&#8221;4.17.1&#8243; _module_preset=&#8221;default&#8221; text_text_color=&#8221;#000000&#8243; global_colors_info=&#8221;{}&#8221;]<\/p>\n<p>Carlo Scarpa venerato da generazioni di architetti \u00e8 l\u2019emblema di tutto ci\u00f2 che gli attuali professionisti del settore vorrebbero.<br \/>E\u2019 l\u2019architetto che tutti vorremmo essere e dal quale ci ispiriamo sin dall\u2019inizio della nostra attivit\u00e0 artigianale nella creazione di infissi di design. Con le sue opere, impreziosite da ogni suo geniale ed ossessivo dettaglio, Scarpa sognava di ridisegnare il mondo. (In parte ci \u00e8 riuscito) Guardare le sue creazioni arricchisce anche un profano del settore ed \u00e8 per questo che Brombal continua ad omaggiare il grande genio scarpiano contribuendo al mantenimento e alla divulgazione nel mondo della sua memoria artistica.<\/p>\n<p>Cortometraggi, visite guidate e pubblicazioni incentrati sulla sua eredit\u00e0 (Tomba Brion sita in Altivole) diventano per Brombal ulteriore occasione per valorizzare il territorio da dove nasce il lavoro e la famiglia di Pietro Brombal.<\/p>\n<ul>\n<li><strong>Voyager d\u2019or<\/strong>: <strong>il viaggio nel restauro<\/strong> \u2013 Docufilm 2021 a cura di Riccardo De Cal<\/li>\n<li><strong>A te Carlo: musica e architettura con dettaglio<\/strong> \u2013 Progetto musico-architettonico con Mario Brunello (violoncello) e Riccardo De Cal (regista)<\/li>\n<li><strong>Il restauro conservativo di Tomba Brion: com\u2019era e com\u2019\u00e8.<\/strong> \u2013 Pubblicazione tecnico-architettonica a cura di Guido Pietropoli (architetto)<\/li>\n<\/ul>\n<p>[\/et_pb_text][\/et_pb_column][et_pb_column type=&#8221;1_2&#8243; _builder_version=&#8221;4.17.1&#8243; _module_preset=&#8221;default&#8221; global_colors_info=&#8221;{}&#8221;][et_pb_image src=&#8221;https:\/\/discoverbrombal.com\/wp-content\/uploads\/2022\/09\/LE-VOYAGE-DOR-post-2.webp&#8221; title_text=&#8221;LE-VOYAGE-DOR-post-2&#8243; _builder_version=&#8221;4.17.1&#8243; _module_preset=&#8221;default&#8221; global_colors_info=&#8221;{}&#8221;][\/et_pb_image][\/et_pb_column][\/et_pb_row][\/et_pb_section]<\/p>\n","protected":false},"excerpt":{"rendered":"<p>BROMBAL PER IL SOCIALEIntegriamoci attraverso l&#8217;incontro con gli altri: la cultura, lo sport, il nostro territorio e la disabilit\u00e0. Siamo promotori di progetti umanitari. L\u2019attivit\u00e0 di finanziamento di progetti umanitari e di interesse comune \u00e8 una responsabilit\u00e0 che ci prendiamo al di fuori della nostra consueta attivit\u00e0 imprenditoriale.Consci della crescente percezione che la diversit\u00e0 costituisce [&hellip;]<\/p>\n","protected":false},"author":1,"featured_media":0,"parent":0,"menu_order":0,"comment_status":"closed","ping_status":"closed","template":"","meta":{"_acf_changed":false,"_et_pb_use_builder":"on","_et_pb_old_content":"","_et_gb_content_width":"","inline_featured_image":false,"footnotes":""},"class_list":["post-236405","page","type-page","status-publish","hentry"],"acf":[],"yoast_head":"<!-- This site is optimized with the Yoast SEO plugin v27.2 - https:\/\/yoast.com\/product\/yoast-seo-wordpress\/ -->\n<title>Brombal per il Sociale - Discover Brombal<\/title>\n<meta name=\"robots\" content=\"index, follow, max-snippet:-1, max-image-preview:large, max-video-preview:-1\" \/>\n<link rel=\"canonical\" href=\"https:\/\/discoverbrombal.com\/it\/brombal-per-il-sociale\/\" \/>\n<meta property=\"og:locale\" content=\"it_IT\" \/>\n<meta property=\"og:type\" content=\"article\" \/>\n<meta property=\"og:title\" content=\"Brombal per il Sociale - Discover Brombal\" \/>\n<meta property=\"og:description\" content=\"BROMBAL PER IL SOCIALEIntegriamoci attraverso l&#039;incontro con gli altri: la cultura, lo sport, il nostro territorio e la disabilit\u00e0. Siamo promotori di progetti umanitari. L\u2019attivit\u00e0 di finanziamento di progetti umanitari e di interesse comune \u00e8 una responsabilit\u00e0 che ci prendiamo al di fuori della nostra consueta attivit\u00e0 imprenditoriale.Consci della crescente percezione che la diversit\u00e0 costituisce [&hellip;]\" \/>\n<meta property=\"og:url\" content=\"https:\/\/discoverbrombal.com\/it\/brombal-per-il-sociale\/\" \/>\n<meta property=\"og:site_name\" content=\"Discover Brombal\" \/>\n<meta property=\"article:publisher\" content=\"https:\/\/www.facebook.com\/BROMBAL\/?locale=it_IT&amp;_rdr\" \/>\n<meta property=\"article:modified_time\" content=\"2023-04-06T07:47:34+00:00\" \/>\n<meta name=\"twitter:card\" content=\"summary_large_image\" \/>\n<meta name=\"twitter:label1\" content=\"Tempo di lettura stimato\" \/>\n\t<meta name=\"twitter:data1\" content=\"7 minuti\" \/>\n<script type=\"application\/ld+json\" class=\"yoast-schema-graph\">{\"@context\":\"https:\/\/schema.org\",\"@graph\":[{\"@type\":\"WebPage\",\"@id\":\"https:\/\/discoverbrombal.com\/it\/brombal-per-il-sociale\/\",\"url\":\"https:\/\/discoverbrombal.com\/it\/brombal-per-il-sociale\/\",\"name\":\"Brombal per il Sociale - Discover Brombal\",\"isPartOf\":{\"@id\":\"https:\/\/discoverbrombal.com\/#website\"},\"datePublished\":\"2022-09-02T13:00:34+00:00\",\"dateModified\":\"2023-04-06T07:47:34+00:00\",\"breadcrumb\":{\"@id\":\"https:\/\/discoverbrombal.com\/it\/brombal-per-il-sociale\/#breadcrumb\"},\"inLanguage\":\"it-IT\",\"potentialAction\":[{\"@type\":\"ReadAction\",\"target\":[\"https:\/\/discoverbrombal.com\/it\/brombal-per-il-sociale\/\"]}]},{\"@type\":\"BreadcrumbList\",\"@id\":\"https:\/\/discoverbrombal.com\/it\/brombal-per-il-sociale\/#breadcrumb\",\"itemListElement\":[{\"@type\":\"ListItem\",\"position\":1,\"name\":\"Home\",\"item\":\"https:\/\/discoverbrombal.com\/it\/\"},{\"@type\":\"ListItem\",\"position\":2,\"name\":\"Brombal per il Sociale\"}]},{\"@type\":\"WebSite\",\"@id\":\"https:\/\/discoverbrombal.com\/#website\",\"url\":\"https:\/\/discoverbrombal.com\/\",\"name\":\"Discover Brombal\",\"description\":\"Luxury Metal Windows and Doors\",\"publisher\":{\"@id\":\"https:\/\/discoverbrombal.com\/#organization\"},\"potentialAction\":[{\"@type\":\"SearchAction\",\"target\":{\"@type\":\"EntryPoint\",\"urlTemplate\":\"https:\/\/discoverbrombal.com\/?s={search_term_string}\"},\"query-input\":{\"@type\":\"PropertyValueSpecification\",\"valueRequired\":true,\"valueName\":\"search_term_string\"}}],\"inLanguage\":\"it-IT\"},{\"@type\":\"Organization\",\"@id\":\"https:\/\/discoverbrombal.com\/#organization\",\"name\":\"Serramenti Brombal S.r.l.\",\"url\":\"https:\/\/discoverbrombal.com\/\",\"logo\":{\"@type\":\"ImageObject\",\"inLanguage\":\"it-IT\",\"@id\":\"https:\/\/discoverbrombal.com\/#\/schema\/logo\/image\/\",\"url\":\"https:\/\/discoverbrombal.com\/wp-content\/uploads\/2022\/07\/Logo-black.png\",\"contentUrl\":\"https:\/\/discoverbrombal.com\/wp-content\/uploads\/2022\/07\/Logo-black.png\",\"width\":687,\"height\":65,\"caption\":\"Serramenti Brombal S.r.l.\"},\"image\":{\"@id\":\"https:\/\/discoverbrombal.com\/#\/schema\/logo\/image\/\"},\"sameAs\":[\"https:\/\/www.facebook.com\/BROMBAL\/?locale=it_IT&_rdr\",\"https:\/\/www.instagram.com\/discoverbrombal\/?hl=it\"]}]}<\/script>\n<!-- \/ Yoast SEO plugin. -->","yoast_head_json":{"title":"Brombal per il Sociale - Discover Brombal","robots":{"index":"index","follow":"follow","max-snippet":"max-snippet:-1","max-image-preview":"max-image-preview:large","max-video-preview":"max-video-preview:-1"},"canonical":"https:\/\/discoverbrombal.com\/it\/brombal-per-il-sociale\/","og_locale":"it_IT","og_type":"article","og_title":"Brombal per il Sociale - Discover Brombal","og_description":"BROMBAL PER IL SOCIALEIntegriamoci attraverso l'incontro con gli altri: la cultura, lo sport, il nostro territorio e la disabilit\u00e0. Siamo promotori di progetti umanitari. L\u2019attivit\u00e0 di finanziamento di progetti umanitari e di interesse comune \u00e8 una responsabilit\u00e0 che ci prendiamo al di fuori della nostra consueta attivit\u00e0 imprenditoriale.Consci della crescente percezione che la diversit\u00e0 costituisce [&hellip;]","og_url":"https:\/\/discoverbrombal.com\/it\/brombal-per-il-sociale\/","og_site_name":"Discover Brombal","article_publisher":"https:\/\/www.facebook.com\/BROMBAL\/?locale=it_IT&_rdr","article_modified_time":"2023-04-06T07:47:34+00:00","twitter_card":"summary_large_image","twitter_misc":{"Tempo di lettura stimato":"7 minuti"},"schema":{"@context":"https:\/\/schema.org","@graph":[{"@type":"WebPage","@id":"https:\/\/discoverbrombal.com\/it\/brombal-per-il-sociale\/","url":"https:\/\/discoverbrombal.com\/it\/brombal-per-il-sociale\/","name":"Brombal per il Sociale - Discover Brombal","isPartOf":{"@id":"https:\/\/discoverbrombal.com\/#website"},"datePublished":"2022-09-02T13:00:34+00:00","dateModified":"2023-04-06T07:47:34+00:00","breadcrumb":{"@id":"https:\/\/discoverbrombal.com\/it\/brombal-per-il-sociale\/#breadcrumb"},"inLanguage":"it-IT","potentialAction":[{"@type":"ReadAction","target":["https:\/\/discoverbrombal.com\/it\/brombal-per-il-sociale\/"]}]},{"@type":"BreadcrumbList","@id":"https:\/\/discoverbrombal.com\/it\/brombal-per-il-sociale\/#breadcrumb","itemListElement":[{"@type":"ListItem","position":1,"name":"Home","item":"https:\/\/discoverbrombal.com\/it\/"},{"@type":"ListItem","position":2,"name":"Brombal per il Sociale"}]},{"@type":"WebSite","@id":"https:\/\/discoverbrombal.com\/#website","url":"https:\/\/discoverbrombal.com\/","name":"Discover Brombal","description":"Luxury Metal Windows and Doors","publisher":{"@id":"https:\/\/discoverbrombal.com\/#organization"},"potentialAction":[{"@type":"SearchAction","target":{"@type":"EntryPoint","urlTemplate":"https:\/\/discoverbrombal.com\/?s={search_term_string}"},"query-input":{"@type":"PropertyValueSpecification","valueRequired":true,"valueName":"search_term_string"}}],"inLanguage":"it-IT"},{"@type":"Organization","@id":"https:\/\/discoverbrombal.com\/#organization","name":"Serramenti Brombal S.r.l.","url":"https:\/\/discoverbrombal.com\/","logo":{"@type":"ImageObject","inLanguage":"it-IT","@id":"https:\/\/discoverbrombal.com\/#\/schema\/logo\/image\/","url":"https:\/\/discoverbrombal.com\/wp-content\/uploads\/2022\/07\/Logo-black.png","contentUrl":"https:\/\/discoverbrombal.com\/wp-content\/uploads\/2022\/07\/Logo-black.png","width":687,"height":65,"caption":"Serramenti Brombal S.r.l."},"image":{"@id":"https:\/\/discoverbrombal.com\/#\/schema\/logo\/image\/"},"sameAs":["https:\/\/www.facebook.com\/BROMBAL\/?locale=it_IT&_rdr","https:\/\/www.instagram.com\/discoverbrombal\/?hl=it"]}]}},"_links":{"self":[{"href":"https:\/\/discoverbrombal.com\/it\/wp-json\/wp\/v2\/pages\/236405","targetHints":{"allow":["GET"]}}],"collection":[{"href":"https:\/\/discoverbrombal.com\/it\/wp-json\/wp\/v2\/pages"}],"about":[{"href":"https:\/\/discoverbrombal.com\/it\/wp-json\/wp\/v2\/types\/page"}],"author":[{"embeddable":true,"href":"https:\/\/discoverbrombal.com\/it\/wp-json\/wp\/v2\/users\/1"}],"replies":[{"embeddable":true,"href":"https:\/\/discoverbrombal.com\/it\/wp-json\/wp\/v2\/comments?post=236405"}],"version-history":[{"count":3,"href":"https:\/\/discoverbrombal.com\/it\/wp-json\/wp\/v2\/pages\/236405\/revisions"}],"predecessor-version":[{"id":242408,"href":"https:\/\/discoverbrombal.com\/it\/wp-json\/wp\/v2\/pages\/236405\/revisions\/242408"}],"wp:attachment":[{"href":"https:\/\/discoverbrombal.com\/it\/wp-json\/wp\/v2\/media?parent=236405"}],"curies":[{"name":"wp","href":"https:\/\/api.w.org\/{rel}","templated":true}]}}